{"id":2,"date":"2025-06-08T05:55:49","date_gmt":"2025-06-08T08:55:49","guid":{"rendered":"https:\/\/www.elase.com.br\/novo2025\/?page_id=2"},"modified":"2025-06-08T06:04:02","modified_gmt":"2025-06-08T09:04:02","slug":"o-clube","status":"publish","type":"page","link":"https:\/\/www.elase.com.br\/novo2025\/o-clube\/","title":{"rendered":"O Clube"},"content":{"rendered":"\r\n<p><u><strong>A ELASE nasceu ASSOCIA\u00c7\u00c3O e hoje \u00e9 um CLUBE<\/strong><\/u><\/p>\r\n<p>Em 1977, um grupo de funcion\u00e1rios da ELETROSUL, sentindo a necessidade de estreitar as rela\u00e7\u00f5es de trabalho, j\u00e1 que a maioria era oriunda de outros estados, e de ocupar o tempo ap\u00f3s a cansativa jornada di\u00e1ria, cria a ELASE.<\/p>\r\n<p>A partir de 1992, devido a mudan\u00e7as na legisla\u00e7\u00e3o, relacionadas com o funcionamento das associa\u00e7\u00f5es de funcion\u00e1rios das empresas, a ELASE viu-se obrigada a buscar alternativas para equilibrar receitas e despesas e, agindo de maneira r\u00e1pida, criou a categoria de Associado Contribuinte. Essa transforma\u00e7\u00e3o permitiu que nossa associa\u00e7\u00e3o conquistasse novos adeptos que viram na ELASE o lugar perfeito para aproveitarem o tempo de lazer com suas fam\u00edlias.<\/p>\r\n<p>Atualmente, a ELASE n\u00e3o \u00e9 mais conhecida como a Associa\u00e7\u00e3o dos Empregados da ELETROSUL- ELASE, mas sim como ELASE Clube Social e Desportivo , aberto ao p\u00fablico em geral, cujo os objetivos s\u00e3o:<\/p>\r\n<p><em>\u2013 proporcionar aos associados atividades de car\u00e1ter social, esportivo, recreativo;<\/em><\/p>\r\n<p><em>\u2013 desenvolver atividades de car\u00e1ter comunit\u00e1rio, dentro de sua pol\u00edtica de integra\u00e7\u00e3o com a sociedade de Florian\u00f3polis.<\/em><\/p>\r\n<p><em>\u2013 Organizar e participar de competi\u00e7\u00f5es esportivas, bem como, desenvolver pr\u00e1ticas esportivas formais e n\u00e3o formais, podendo manter, para tanto, instala\u00e7\u00f5es para a sua pr\u00e1tica, especialmente em modalidades ol\u00edmpicas e paraol\u00edmpicas, visando ainda a forma\u00e7\u00e3o de atletas ol\u00edmpicos e paraol\u00edmpicos;<\/em><\/p>\r\n<p><em>\u2013 Colaborar com os poderes p\u00fablicos e entidades a que estiver filiada, nos assuntos relacionados com suas finalidades;<\/em><\/p>\r\n<p><em>\u2013 Relacionar-se com institui\u00e7\u00f5es cong\u00eaneres, nacionais e internacionais, podendo firmar conv\u00eanios de reciprocidade, quando aprovados pelos \u00f3rg\u00e3os internos respons\u00e1veis.<\/em><\/p>\r\n<p>A ELASE oferece a seus associados gin\u00e1sios esportivos, sala de jogos, academias de muscula\u00e7\u00e3o e gin\u00e1stica, quadras polivalentes, quadras de t\u00eanis de campo cobertas e descobertas, quadra de squash e p\u00e1del, campo de futebol sui\u00e7o com grama sint\u00e9tica, quadra de areia,\u00a0 saunas masculina e feminina, restaurante, bar, sal\u00f5es de festas, churrasqueiras, play-ground, parque aqu\u00e1tico com piscinas aquecidas.<\/p>\r\n<p>Al\u00e9m disso, oferece\u00a0 servi\u00e7os de fisioterapia, clinica odontol\u00f3gica, podologia, sal\u00e3o de beleza, lava car; e cursos como: circuito funcional, jud\u00f4,\u00a0 muay thai, taekwondo, voleibol, adapta\u00e7\u00e3o ao meio l\u00edquido, nata\u00e7\u00e3o, bal\u00e9, jazz,\u00a0 patina\u00e7\u00e3o,\u00a0 ingl\u00eas, rob\u00f3tica, estimula\u00e7\u00e3o motora para autistas, sports kids, viol\u00e3o, yoga, t\u00eanis de campo, squash, p\u00e1del, beach t\u00eanis,\u00a0 hidrogin\u00e1stica, basquete e futebol de sal\u00e3o.<\/p>\r\n<p>O\u00a0Clube administra tamb\u00e9m\u00a0uma Sede de Praia com \u00e1rea de 42.000 m\u00b2, localizada na Barra da Lagoa, onde o associado pode al\u00e9m de acampar, desfrutar de instala\u00e7\u00f5es (sal\u00e3o, quiosques) que permitem a realiza\u00e7\u00e3o de eventos sociais durante o ano.<\/p>\r\n<p>O acesso ao Clube \u00e9 realizado atrav\u00e9s de leitura biom\u00e9trica e carteira social. O clube disp\u00f5e ainda de estacionamento, oferecendo aos associados maior seguran\u00e7a aos seus ve\u00edculos com o sistema de monitoramento de c\u00e2meras na guarita e acesso ao estacionamento atrav\u00e9s da biometria digital.<\/p>\r\n<p>A ELASE \u00e9 membro do Comit\u00ea Brasileiro de Clubes e da Fenaclubes. Reconhecida entre os 100 melhores clubes do Brasil em 2020, a ELASE est\u00e1 sempre atenta as inova\u00e7\u00f5es nos seguimentos esportivos e de lazer, pretendendo sempre satisfazer o associado.<\/p>\r\n<p><strong>Miss\u00e3o:\u00a0<\/strong>Promover a\u00e7\u00f5es de car\u00e1ter social, esportivo, recreativo e de lazer aos seus associados, diferenciando-se pela qualidade da estrutura e dos servi\u00e7os, gerando valor e contribuindo, com isso, para o bem estar sustent\u00e1vel de seus clientes.<\/p>\r\n<p><strong>Vis\u00e3o:\u00a0<\/strong>Ser reconhecida perante a comunidade que atua como um Clube padr\u00e3o de excel\u00eancia na presta\u00e7\u00e3o de servi\u00e7os.<\/p>\r\n<p><strong>Valores:\u00a0<\/strong>Busca inovar e propiciar a\u00e7\u00f5es e atividades que possibilitem o bem estar de seus associados.<\/p>\r\n","protected":false},"excerpt":{"rendered":"<p>A ELASE nasceu ASSOCIA\u00c7\u00c3O e hoje \u00e9 um CLUBE Em 1977, um grupo de funcion\u00e1rios da ELETROSUL, sentindo a necessidade de estreitar as rela\u00e7\u00f5es de trabalho, j\u00e1 que a maioria era oriunda de outros estados, e de ocupar o tempo [&hellip;]<\/p>\n","protected":false},"author":1,"featured_media":0,"parent":0,"menu_order":0,"comment_status":"closed","ping_status":"closed","template":"","meta":{"footnotes":"","_links_to":"","_links_to_target":""},"class_list":["post-2","page","type-page","status-publish","hentry"],"yoast_head":"<!-- This site is optimized with the Yoast SEO plugin v26.1.1 - https:\/\/yoast.com\/wordpress\/plugins\/seo\/ -->\n<title>O Clube - Elase 2025<\/title>\n<meta name=\"robots\" content=\"index, follow, max-snippet:-1, max-image-preview:large, max-video-preview:-1\" \/>\n<link rel=\"canonical\" href=\"https:\/\/www.elase.com.br\/novo2025\/o-clube\/\" \/>\n<meta property=\"og:locale\" content=\"pt_BR\" \/>\n<meta property=\"og:type\" content=\"article\" \/>\n<meta property=\"og:title\" content=\"O Clube - Elase 2025\" \/>\n<meta property=\"og:description\" content=\"A ELASE nasceu ASSOCIA\u00c7\u00c3O e hoje \u00e9 um CLUBE Em 1977, um grupo de funcion\u00e1rios da ELETROSUL, sentindo a necessidade de estreitar as rela\u00e7\u00f5es de t\" \/>\n<meta property=\"og:url\" content=\"https:\/\/www.elase.com.br\/novo2025\/o-clube\/\" \/>\n<meta property=\"og:site_name\" content=\"Elase 2025\" \/>\n<meta property=\"article:modified_time\" content=\"2025-06-08T09:04:02+00:00\" \/>\n<meta name=\"twitter:card\" content=\"summary_large_image\" \/>\n<meta name=\"twitter:label1\" content=\"Est. tempo de leitura\" \/>\n\t<meta name=\"twitter:data1\" content=\"4 minutos\" \/>\n<script type=\"application\/ld+json\" class=\"yoast-schema-graph\">{\"@context\":\"https:\/\/schema.org\",\"@graph\":[{\"@type\":\"WebPage\",\"@id\":\"https:\/\/www.elase.com.br\/novo2025\/o-clube\/\",\"url\":\"https:\/\/www.elase.com.br\/novo2025\/o-clube\/\",\"name\":\"O Clube - Elase 2025\",\"isPartOf\":{\"@id\":\"https:\/\/www.elase.com.br\/novo2025\/#website\"},\"datePublished\":\"2025-06-08T08:55:49+00:00\",\"dateModified\":\"2025-06-08T09:04:02+00:00\",\"breadcrumb\":{\"@id\":\"https:\/\/www.elase.com.br\/novo2025\/o-clube\/#breadcrumb\"},\"inLanguage\":\"pt-BR\",\"potentialAction\":[{\"@type\":\"ReadAction\",\"target\":[\"https:\/\/www.elase.com.br\/novo2025\/o-clube\/\"]}]},{\"@type\":\"BreadcrumbList\",\"@id\":\"https:\/\/www.elase.com.br\/novo2025\/o-clube\/#breadcrumb\",\"itemListElement\":[{\"@type\":\"ListItem\",\"position\":1,\"name\":\"In\u00edcio\",\"item\":\"https:\/\/www.elase.com.br\/novo2025\/\"},{\"@type\":\"ListItem\",\"position\":2,\"name\":\"O Clube\"}]},{\"@type\":\"WebSite\",\"@id\":\"https:\/\/www.elase.com.br\/novo2025\/#website\",\"url\":\"https:\/\/www.elase.com.br\/novo2025\/\",\"name\":\"Elase 2025\",\"description\":\"\",\"publisher\":{\"@id\":\"https:\/\/www.elase.com.br\/novo2025\/#organization\"},\"potentialAction\":[{\"@type\":\"SearchAction\",\"target\":{\"@type\":\"EntryPoint\",\"urlTemplate\":\"https:\/\/www.elase.com.br\/novo2025\/?s={search_term_string}\"},\"query-input\":{\"@type\":\"PropertyValueSpecification\",\"valueRequired\":true,\"valueName\":\"search_term_string\"}}],\"inLanguage\":\"pt-BR\"},{\"@type\":\"Organization\",\"@id\":\"https:\/\/www.elase.com.br\/novo2025\/#organization\",\"name\":\"Elase 2025\",\"url\":\"https:\/\/www.elase.com.br\/novo2025\/\",\"logo\":{\"@type\":\"ImageObject\",\"inLanguage\":\"pt-BR\",\"@id\":\"https:\/\/www.elase.com.br\/novo2025\/#\/schema\/logo\/image\/\",\"url\":\"https:\/\/www.elase.com.br\/novo2025\/wp-content\/uploads\/sites\/3\/2025\/06\/logo.png\",\"contentUrl\":\"https:\/\/www.elase.com.br\/novo2025\/wp-content\/uploads\/sites\/3\/2025\/06\/logo.png\",\"width\":102,\"height\":66,\"caption\":\"Elase 2025\"},\"image\":{\"@id\":\"https:\/\/www.elase.com.br\/novo2025\/#\/schema\/logo\/image\/\"}}]}<\/script>\n<!-- \/ Yoast SEO plugin. -->","yoast_head_json":{"title":"O Clube - Elase 2025","robots":{"index":"index","follow":"follow","max-snippet":"max-snippet:-1","max-image-preview":"max-image-preview:large","max-video-preview":"max-video-preview:-1"},"canonical":"https:\/\/www.elase.com.br\/novo2025\/o-clube\/","og_locale":"pt_BR","og_type":"article","og_title":"O Clube - Elase 2025","og_description":"A ELASE nasceu ASSOCIA\u00c7\u00c3O e hoje \u00e9 um CLUBE Em 1977, um grupo de funcion\u00e1rios da ELETROSUL, sentindo a necessidade de estreitar as rela\u00e7\u00f5es de t","og_url":"https:\/\/www.elase.com.br\/novo2025\/o-clube\/","og_site_name":"Elase 2025","article_modified_time":"2025-06-08T09:04:02+00:00","twitter_card":"summary_large_image","twitter_misc":{"Est. tempo de leitura":"4 minutos"},"schema":{"@context":"https:\/\/schema.org","@graph":[{"@type":"WebPage","@id":"https:\/\/www.elase.com.br\/novo2025\/o-clube\/","url":"https:\/\/www.elase.com.br\/novo2025\/o-clube\/","name":"O Clube - Elase 2025","isPartOf":{"@id":"https:\/\/www.elase.com.br\/novo2025\/#website"},"datePublished":"2025-06-08T08:55:49+00:00","dateModified":"2025-06-08T09:04:02+00:00","breadcrumb":{"@id":"https:\/\/www.elase.com.br\/novo2025\/o-clube\/#breadcrumb"},"inLanguage":"pt-BR","potentialAction":[{"@type":"ReadAction","target":["https:\/\/www.elase.com.br\/novo2025\/o-clube\/"]}]},{"@type":"BreadcrumbList","@id":"https:\/\/www.elase.com.br\/novo2025\/o-clube\/#breadcrumb","itemListElement":[{"@type":"ListItem","position":1,"name":"In\u00edcio","item":"https:\/\/www.elase.com.br\/novo2025\/"},{"@type":"ListItem","position":2,"name":"O Clube"}]},{"@type":"WebSite","@id":"https:\/\/www.elase.com.br\/novo2025\/#website","url":"https:\/\/www.elase.com.br\/novo2025\/","name":"Elase 2025","description":"","publisher":{"@id":"https:\/\/www.elase.com.br\/novo2025\/#organization"},"potentialAction":[{"@type":"SearchAction","target":{"@type":"EntryPoint","urlTemplate":"https:\/\/www.elase.com.br\/novo2025\/?s={search_term_string}"},"query-input":{"@type":"PropertyValueSpecification","valueRequired":true,"valueName":"search_term_string"}}],"inLanguage":"pt-BR"},{"@type":"Organization","@id":"https:\/\/www.elase.com.br\/novo2025\/#organization","name":"Elase 2025","url":"https:\/\/www.elase.com.br\/novo2025\/","logo":{"@type":"ImageObject","inLanguage":"pt-BR","@id":"https:\/\/www.elase.com.br\/novo2025\/#\/schema\/logo\/image\/","url":"https:\/\/www.elase.com.br\/novo2025\/wp-content\/uploads\/sites\/3\/2025\/06\/logo.png","contentUrl":"https:\/\/www.elase.com.br\/novo2025\/wp-content\/uploads\/sites\/3\/2025\/06\/logo.png","width":102,"height":66,"caption":"Elase 2025"},"image":{"@id":"https:\/\/www.elase.com.br\/novo2025\/#\/schema\/logo\/image\/"}}]}},"publishpress_future_action":{"enabled":false,"date":"2026-05-09 07:28:42","action":"change-status","newStatus":"draft","terms":[],"taxonomy":"","extraData":[]},"publishpress_future_workflow_manual_trigger":{"enabledWorkflows":[]},"_links":{"self":[{"href":"https:\/\/www.elase.com.br\/novo2025\/wp-json\/wp\/v2\/pages\/2","targetHints":{"allow":["GET"]}}],"collection":[{"href":"https:\/\/www.elase.com.br\/novo2025\/wp-json\/wp\/v2\/pages"}],"about":[{"href":"https:\/\/www.elase.com.br\/novo2025\/wp-json\/wp\/v2\/types\/page"}],"author":[{"embeddable":true,"href":"https:\/\/www.elase.com.br\/novo2025\/wp-json\/wp\/v2\/users\/1"}],"replies":[{"embeddable":true,"href":"https:\/\/www.elase.com.br\/novo2025\/wp-json\/wp\/v2\/comments?post=2"}],"version-history":[{"count":1,"href":"https:\/\/www.elase.com.br\/novo2025\/wp-json\/wp\/v2\/pages\/2\/revisions"}],"predecessor-version":[{"id":13,"href":"https:\/\/www.elase.com.br\/novo2025\/wp-json\/wp\/v2\/pages\/2\/revisions\/13"}],"wp:attachment":[{"href":"https:\/\/www.elase.com.br\/novo2025\/wp-json\/wp\/v2\/media?parent=2"}],"curies":[{"name":"wp","href":"https:\/\/api.w.org\/{rel}","templated":true}]}}